
{"id":14888,"date":"2023-09-07T10:36:23","date_gmt":"2023-09-07T03:36:23","guid":{"rendered":"https:\/\/easymed.vn\/?page_id=14888"},"modified":"2023-10-05T22:05:14","modified_gmt":"2023-10-05T15:05:14","slug":"audio","status":"publish","type":"page","link":"https:\/\/easymed.vn\/en\/audio\/","title":{"rendered":"Audio"},"content":{"rendered":"<div data-elementor-type=\"wp-page\" data-elementor-id=\"14888\" class=\"elementor elementor-14888\">\n\t\t\t\t\t\t<section class=\"elementor-section elementor-top-section elementor-element elementor-element-59925a3 elementor-section-content-middle elementor-section-boxed elementor-section-height-default elementor-section-height-default\" data-id=\"59925a3\" data-element_type=\"section\" data-settings=\"{&quot;background_background&quot;:&quot;classic&quot;}\">\n\t\t\t\t\t\t<div class=\"elementor-container elementor-column-gap-default\">\n\t\t\t\t\t<div class=\"elementor-column elementor-col-100 elementor-top-column elementor-element elementor-element-ef9f83f\" data-id=\"ef9f83f\" data-element_type=\"column\">\n\t\t\t<div class=\"elementor-widget-wrap elementor-element-populated\">\n\t\t\t\t\t\t<div class=\"elementor-element elementor-element-797d399 elementor-widget elementor-widget-heading\" data-id=\"797d399\" data-element_type=\"widget\" data-widget_type=\"heading.default\">\n\t\t\t\t<div class=\"elementor-widget-container\">\n\t\t\t\t\t<h2 class=\"elementor-heading-title elementor-size-default\">Audio s\u00e1ch ti\u1ebfng anh giao ti\u1ebfp b\u1ec7nh vi\u1ec7n<\/h2>\t\t\t\t<\/div>\n\t\t\t\t<\/div>\n\t\t\t\t\t<\/div>\n\t\t<\/div>\n\t\t\t\t\t<\/div>\n\t\t<\/section>\n\t\t\t\t<section class=\"elementor-section elementor-top-section elementor-element elementor-element-b606b2d elementor-section-boxed elementor-section-height-default elementor-section-height-default\" data-id=\"b606b2d\" data-element_type=\"section\">\n\t\t\t\t\t\t<div class=\"elementor-container elementor-column-gap-default\">\n\t\t\t\t\t<div class=\"elementor-column elementor-col-50 elementor-top-column elementor-element elementor-element-c4a37db\" data-id=\"c4a37db\" data-element_type=\"column\">\n\t\t\t<div class=\"elementor-widget-wrap elementor-element-populated\">\n\t\t\t\t\t\t<div class=\"elementor-element elementor-element-daf89ec elementor-position-left elementor-vertical-align-middle elementor-widget elementor-widget-image-box\" data-id=\"daf89ec\" data-element_type=\"widget\" data-widget_type=\"image-box.default\">\n\t\t\t\t<div class=\"elementor-widget-container\">\n\t\t\t\t\t<div class=\"elementor-image-box-wrapper\"><figure class=\"elementor-image-box-img\"><a href=\"https:\/\/easymed.vn\/en\/audio\/chuong-1-tiep-don-benh-nhan\/\" tabindex=\"-1\"><img fetchpriority=\"high\" decoding=\"async\" width=\"512\" height=\"512\" src=\"https:\/\/easymed.vn\/wp-content\/uploads\/2023\/09\/audio-book.png\" class=\"attachment-full size-full wp-image-14894\" alt=\"\" srcset=\"https:\/\/easymed.vn\/wp-content\/uploads\/2023\/09\/audio-book.png 512w, https:\/\/easymed.vn\/wp-content\/uploads\/2023\/09\/audio-book-300x300.png 300w, https:\/\/easymed.vn\/wp-content\/uploads\/2023\/09\/audio-book-150x150.png 150w, https:\/\/easymed.vn\/wp-content\/uploads\/2023\/09\/audio-book-100x100.png 100w\" sizes=\"(max-width: 512px) 100vw, 512px\" \/><\/a><\/figure><div class=\"elementor-image-box-content\"><h2 class=\"elementor-image-box-title\"><a href=\"https:\/\/easymed.vn\/en\/audio\/chuong-1-tiep-don-benh-nhan\/\">Ch\u01b0\u01a1ng 1 - Ti\u1ebfp \u0111\u00f3n b\u1ec7nh nh\u00e2n<\/a><\/h2><\/div><\/div>\t\t\t\t<\/div>\n\t\t\t\t<\/div>\n\t\t\t\t<div class=\"elementor-element elementor-element-a407d3b elementor-position-left elementor-vertical-align-middle elementor-widget elementor-widget-image-box\" data-id=\"a407d3b\" data-element_type=\"widget\" data-widget_type=\"image-box.default\">\n\t\t\t\t<div class=\"elementor-widget-container\">\n\t\t\t\t\t<div class=\"elementor-image-box-wrapper\"><figure class=\"elementor-image-box-img\"><a href=\"https:\/\/easymed.vn\/en\/audio\/chuong-2-khai-thac-benh-su\/\" tabindex=\"-1\"><img fetchpriority=\"high\" decoding=\"async\" width=\"512\" height=\"512\" src=\"https:\/\/easymed.vn\/wp-content\/uploads\/2023\/09\/audio-book.png\" class=\"attachment-full size-full wp-image-14894\" alt=\"\" srcset=\"https:\/\/easymed.vn\/wp-content\/uploads\/2023\/09\/audio-book.png 512w, https:\/\/easymed.vn\/wp-content\/uploads\/2023\/09\/audio-book-300x300.png 300w, https:\/\/easymed.vn\/wp-content\/uploads\/2023\/09\/audio-book-150x150.png 150w, https:\/\/easymed.vn\/wp-content\/uploads\/2023\/09\/audio-book-100x100.png 100w\" sizes=\"(max-width: 512px) 100vw, 512px\" \/><\/a><\/figure><div class=\"elementor-image-box-content\"><h2 class=\"elementor-image-box-title\"><a href=\"https:\/\/easymed.vn\/en\/audio\/chuong-2-khai-thac-benh-su\/\">Ch\u01b0\u01a1ng 2 - Khai th\u00e1c b\u1ec7nh s\u1eed<\/a><\/h2><\/div><\/div>\t\t\t\t<\/div>\n\t\t\t\t<\/div>\n\t\t\t\t<div class=\"elementor-element elementor-element-651ae37 elementor-position-left elementor-vertical-align-middle elementor-widget elementor-widget-image-box\" data-id=\"651ae37\" data-element_type=\"widget\" data-widget_type=\"image-box.default\">\n\t\t\t\t<div class=\"elementor-widget-container\">\n\t\t\t\t\t<div class=\"elementor-image-box-wrapper\"><figure class=\"elementor-image-box-img\"><a href=\"https:\/\/easymed.vn\/en\/audio\/chuong-3-khai-thac-tien-su\/\" tabindex=\"-1\"><img fetchpriority=\"high\" decoding=\"async\" width=\"512\" height=\"512\" src=\"https:\/\/easymed.vn\/wp-content\/uploads\/2023\/09\/audio-book.png\" class=\"attachment-full size-full wp-image-14894\" alt=\"\" srcset=\"https:\/\/easymed.vn\/wp-content\/uploads\/2023\/09\/audio-book.png 512w, https:\/\/easymed.vn\/wp-content\/uploads\/2023\/09\/audio-book-300x300.png 300w, https:\/\/easymed.vn\/wp-content\/uploads\/2023\/09\/audio-book-150x150.png 150w, https:\/\/easymed.vn\/wp-content\/uploads\/2023\/09\/audio-book-100x100.png 100w\" sizes=\"(max-width: 512px) 100vw, 512px\" \/><\/a><\/figure><div class=\"elementor-image-box-content\"><h2 class=\"elementor-image-box-title\"><a href=\"https:\/\/easymed.vn\/en\/audio\/chuong-3-khai-thac-tien-su\/\">Ch\u01b0\u01a1ng 3 - Khai th\u00e1c ti\u1ec1n s\u1eed<\/a><\/h2><\/div><\/div>\t\t\t\t<\/div>\n\t\t\t\t<\/div>\n\t\t\t\t<div class=\"elementor-element elementor-element-a5bb4ec elementor-position-left elementor-vertical-align-middle elementor-widget elementor-widget-image-box\" data-id=\"a5bb4ec\" data-element_type=\"widget\" data-widget_type=\"image-box.default\">\n\t\t\t\t<div class=\"elementor-widget-container\">\n\t\t\t\t\t<div class=\"elementor-image-box-wrapper\"><figure class=\"elementor-image-box-img\"><a href=\"https:\/\/easymed.vn\/en\/audio\/chuong-4-giao-tiep-khi-kham-benh\/\" tabindex=\"-1\"><img fetchpriority=\"high\" decoding=\"async\" width=\"512\" height=\"512\" src=\"https:\/\/easymed.vn\/wp-content\/uploads\/2023\/09\/audio-book.png\" class=\"attachment-full size-full wp-image-14894\" alt=\"\" srcset=\"https:\/\/easymed.vn\/wp-content\/uploads\/2023\/09\/audio-book.png 512w, https:\/\/easymed.vn\/wp-content\/uploads\/2023\/09\/audio-book-300x300.png 300w, https:\/\/easymed.vn\/wp-content\/uploads\/2023\/09\/audio-book-150x150.png 150w, https:\/\/easymed.vn\/wp-content\/uploads\/2023\/09\/audio-book-100x100.png 100w\" sizes=\"(max-width: 512px) 100vw, 512px\" \/><\/a><\/figure><div class=\"elementor-image-box-content\"><h2 class=\"elementor-image-box-title\"><a href=\"https:\/\/easymed.vn\/en\/audio\/chuong-4-giao-tiep-khi-kham-benh\/\">Ch\u01b0\u01a1ng 4 - Giao ti\u1ebfp khi kh\u00e1m b\u1ec7nh<\/a><\/h2><\/div><\/div>\t\t\t\t<\/div>\n\t\t\t\t<\/div>\n\t\t\t\t<div class=\"elementor-element elementor-element-ced528c elementor-position-left elementor-vertical-align-middle elementor-widget elementor-widget-image-box\" data-id=\"ced528c\" data-element_type=\"widget\" data-widget_type=\"image-box.default\">\n\t\t\t\t<div class=\"elementor-widget-container\">\n\t\t\t\t\t<div class=\"elementor-image-box-wrapper\"><figure class=\"elementor-image-box-img\"><a href=\"https:\/\/easymed.vn\/en\/audio\/chuong-5-xet-nghiem-thu-thuat\/\" tabindex=\"-1\"><img fetchpriority=\"high\" decoding=\"async\" width=\"512\" height=\"512\" src=\"https:\/\/easymed.vn\/wp-content\/uploads\/2023\/09\/audio-book.png\" class=\"attachment-full size-full wp-image-14894\" alt=\"\" srcset=\"https:\/\/easymed.vn\/wp-content\/uploads\/2023\/09\/audio-book.png 512w, https:\/\/easymed.vn\/wp-content\/uploads\/2023\/09\/audio-book-300x300.png 300w, https:\/\/easymed.vn\/wp-content\/uploads\/2023\/09\/audio-book-150x150.png 150w, https:\/\/easymed.vn\/wp-content\/uploads\/2023\/09\/audio-book-100x100.png 100w\" sizes=\"(max-width: 512px) 100vw, 512px\" \/><\/a><\/figure><div class=\"elementor-image-box-content\"><h2 class=\"elementor-image-box-title\"><a href=\"https:\/\/easymed.vn\/en\/audio\/chuong-5-xet-nghiem-thu-thuat\/\">Ch\u01b0\u01a1ng 5 - X\u00e9t nghi\u1ec7m & Th\u1ee7 thu\u1eadt<\/a><\/h2><\/div><\/div>\t\t\t\t<\/div>\n\t\t\t\t<\/div>\n\t\t\t\t\t<\/div>\n\t\t<\/div>\n\t\t\t\t<div class=\"elementor-column elementor-col-50 elementor-top-column elementor-element elementor-element-b19abb5\" data-id=\"b19abb5\" data-element_type=\"column\">\n\t\t\t<div class=\"elementor-widget-wrap elementor-element-populated\">\n\t\t\t\t\t\t<div class=\"elementor-element elementor-element-d48b416 elementor-position-left elementor-vertical-align-middle elementor-widget elementor-widget-image-box\" data-id=\"d48b416\" data-element_type=\"widget\" data-widget_type=\"image-box.default\">\n\t\t\t\t<div class=\"elementor-widget-container\">\n\t\t\t\t\t<div class=\"elementor-image-box-wrapper\"><figure class=\"elementor-image-box-img\"><a href=\"https:\/\/easymed.vn\/en\/audio\/chuong-6-chuan-doan-va-thong-bao-tin-buon\/\" tabindex=\"-1\"><img fetchpriority=\"high\" decoding=\"async\" width=\"512\" height=\"512\" src=\"https:\/\/easymed.vn\/wp-content\/uploads\/2023\/09\/audio-book.png\" class=\"attachment-full size-full wp-image-14894\" alt=\"\" srcset=\"https:\/\/easymed.vn\/wp-content\/uploads\/2023\/09\/audio-book.png 512w, https:\/\/easymed.vn\/wp-content\/uploads\/2023\/09\/audio-book-300x300.png 300w, https:\/\/easymed.vn\/wp-content\/uploads\/2023\/09\/audio-book-150x150.png 150w, https:\/\/easymed.vn\/wp-content\/uploads\/2023\/09\/audio-book-100x100.png 100w\" sizes=\"(max-width: 512px) 100vw, 512px\" \/><\/a><\/figure><div class=\"elementor-image-box-content\"><h2 class=\"elementor-image-box-title\"><a href=\"https:\/\/easymed.vn\/en\/audio\/chuong-6-chuan-doan-va-thong-bao-tin-buon\/\">Ch\u01b0\u01a1ng 6 - Ch\u1ea9n \u0111o\u00e1n v\u00e0 th\u00f4ng b\u00e1o tin bu\u1ed3n<\/a><\/h2><\/div><\/div>\t\t\t\t<\/div>\n\t\t\t\t<\/div>\n\t\t\t\t<div class=\"elementor-element elementor-element-129cd4e elementor-position-left elementor-vertical-align-middle elementor-widget elementor-widget-image-box\" data-id=\"129cd4e\" data-element_type=\"widget\" data-widget_type=\"image-box.default\">\n\t\t\t\t<div class=\"elementor-widget-container\">\n\t\t\t\t\t<div class=\"elementor-image-box-wrapper\"><figure class=\"elementor-image-box-img\"><a href=\"https:\/\/easymed.vn\/en\/audio\/chuong-7-tien-luong-dan-do\/\" tabindex=\"-1\"><img fetchpriority=\"high\" decoding=\"async\" width=\"512\" height=\"512\" src=\"https:\/\/easymed.vn\/wp-content\/uploads\/2023\/09\/audio-book.png\" class=\"attachment-full size-full wp-image-14894\" alt=\"\" srcset=\"https:\/\/easymed.vn\/wp-content\/uploads\/2023\/09\/audio-book.png 512w, https:\/\/easymed.vn\/wp-content\/uploads\/2023\/09\/audio-book-300x300.png 300w, https:\/\/easymed.vn\/wp-content\/uploads\/2023\/09\/audio-book-150x150.png 150w, https:\/\/easymed.vn\/wp-content\/uploads\/2023\/09\/audio-book-100x100.png 100w\" sizes=\"(max-width: 512px) 100vw, 512px\" \/><\/a><\/figure><div class=\"elementor-image-box-content\"><h2 class=\"elementor-image-box-title\"><a href=\"https:\/\/easymed.vn\/en\/audio\/chuong-7-tien-luong-dan-do\/\">Ch\u01b0\u01a1ng 7 - Ti\u00ean l\u01b0\u1ee3ng & D\u1eb7n d\u00f2<\/a><\/h2><\/div><\/div>\t\t\t\t<\/div>\n\t\t\t\t<\/div>\n\t\t\t\t<div class=\"elementor-element elementor-element-cbc57e1 elementor-position-left elementor-vertical-align-middle elementor-widget elementor-widget-image-box\" data-id=\"cbc57e1\" data-element_type=\"widget\" data-widget_type=\"image-box.default\">\n\t\t\t\t<div class=\"elementor-widget-container\">\n\t\t\t\t\t<div class=\"elementor-image-box-wrapper\"><figure class=\"elementor-image-box-img\"><a href=\"https:\/\/easymed.vn\/en\/audio\/chuong-8-dieu-tri\/\" tabindex=\"-1\"><img fetchpriority=\"high\" decoding=\"async\" width=\"512\" height=\"512\" src=\"https:\/\/easymed.vn\/wp-content\/uploads\/2023\/09\/audio-book.png\" class=\"attachment-full size-full wp-image-14894\" alt=\"\" srcset=\"https:\/\/easymed.vn\/wp-content\/uploads\/2023\/09\/audio-book.png 512w, https:\/\/easymed.vn\/wp-content\/uploads\/2023\/09\/audio-book-300x300.png 300w, https:\/\/easymed.vn\/wp-content\/uploads\/2023\/09\/audio-book-150x150.png 150w, https:\/\/easymed.vn\/wp-content\/uploads\/2023\/09\/audio-book-100x100.png 100w\" sizes=\"(max-width: 512px) 100vw, 512px\" \/><\/a><\/figure><div class=\"elementor-image-box-content\"><h2 class=\"elementor-image-box-title\"><a href=\"https:\/\/easymed.vn\/en\/audio\/chuong-8-dieu-tri\/\">Ch\u01b0\u01a1ng 8 - \u0110i\u1ec1u tr\u1ecb<\/a><\/h2><\/div><\/div>\t\t\t\t<\/div>\n\t\t\t\t<\/div>\n\t\t\t\t<div class=\"elementor-element elementor-element-253fa7f elementor-position-left elementor-vertical-align-middle elementor-widget elementor-widget-image-box\" data-id=\"253fa7f\" data-element_type=\"widget\" data-widget_type=\"image-box.default\">\n\t\t\t\t<div class=\"elementor-widget-container\">\n\t\t\t\t\t<div class=\"elementor-image-box-wrapper\"><figure class=\"elementor-image-box-img\"><a href=\"https:\/\/easymed.vn\/en\/audio\/chuong-9-bao-cao-ca-lam-sang\/\" tabindex=\"-1\"><img fetchpriority=\"high\" decoding=\"async\" width=\"512\" height=\"512\" src=\"https:\/\/easymed.vn\/wp-content\/uploads\/2023\/09\/audio-book.png\" class=\"attachment-full size-full wp-image-14894\" alt=\"\" srcset=\"https:\/\/easymed.vn\/wp-content\/uploads\/2023\/09\/audio-book.png 512w, https:\/\/easymed.vn\/wp-content\/uploads\/2023\/09\/audio-book-300x300.png 300w, https:\/\/easymed.vn\/wp-content\/uploads\/2023\/09\/audio-book-150x150.png 150w, https:\/\/easymed.vn\/wp-content\/uploads\/2023\/09\/audio-book-100x100.png 100w\" sizes=\"(max-width: 512px) 100vw, 512px\" \/><\/a><\/figure><div class=\"elementor-image-box-content\"><h2 class=\"elementor-image-box-title\"><a href=\"https:\/\/easymed.vn\/en\/audio\/chuong-9-bao-cao-ca-lam-sang\/\">Ch\u01b0\u01a1ng 9 - B\u00e1o c\u00e1o ca l\u00e2m s\u00e0ng<\/a><\/h2><\/div><\/div>\t\t\t\t<\/div>\n\t\t\t\t<\/div>\n\t\t\t\t<div class=\"elementor-element elementor-element-b3c2d6b elementor-position-left elementor-vertical-align-middle elementor-widget elementor-widget-image-box\" data-id=\"b3c2d6b\" data-element_type=\"widget\" data-widget_type=\"image-box.default\">\n\t\t\t\t<div class=\"elementor-widget-container\">\n\t\t\t\t\t<div class=\"elementor-image-box-wrapper\"><figure class=\"elementor-image-box-img\"><a href=\"https:\/\/easymed.vn\/en\/audio\/chuong-10-mot-so-chu-y-khi-giao-tiep\/\" tabindex=\"-1\"><img fetchpriority=\"high\" decoding=\"async\" width=\"512\" height=\"512\" src=\"https:\/\/easymed.vn\/wp-content\/uploads\/2023\/09\/audio-book.png\" class=\"attachment-full size-full wp-image-14894\" alt=\"\" srcset=\"https:\/\/easymed.vn\/wp-content\/uploads\/2023\/09\/audio-book.png 512w, https:\/\/easymed.vn\/wp-content\/uploads\/2023\/09\/audio-book-300x300.png 300w, https:\/\/easymed.vn\/wp-content\/uploads\/2023\/09\/audio-book-150x150.png 150w, https:\/\/easymed.vn\/wp-content\/uploads\/2023\/09\/audio-book-100x100.png 100w\" sizes=\"(max-width: 512px) 100vw, 512px\" \/><\/a><\/figure><div class=\"elementor-image-box-content\"><h2 class=\"elementor-image-box-title\"><a href=\"https:\/\/easymed.vn\/en\/audio\/chuong-10-mot-so-chu-y-khi-giao-tiep\/\">Ch\u01b0\u01a1ng 10 - M\u1ed9t s\u1ed1 ch\u00fa \u00fd khi giao ti\u1ebfp<\/a><\/h2><\/div><\/div>\t\t\t\t<\/div>\n\t\t\t\t<\/div>\n\t\t\t\t\t<\/div>\n\t\t<\/div>\n\t\t\t\t\t<\/div>\n\t\t<\/section>\n\t\t\t\t<\/div>","protected":false},"excerpt":{"rendered":"<p>Audio s\u00e1ch ti\u1ebfng anh giao ti\u1ebfp b\u1ec7nh vi\u1ec7n Ch\u01b0\u01a1ng 1 &#8211; Ti\u1ebfp \u0111\u00f3n b\u1ec7nh nh\u00e2n Ch\u01b0\u01a1ng 2 &#8211;<\/p>","protected":false},"author":1,"featured_media":0,"parent":0,"menu_order":0,"comment_status":"closed","ping_status":"closed","template":"elementor_header_footer","meta":{"_tutorstarter_page_metadata":[],"footnotes":""},"class_list":["post-14888","page","type-page","status-publish","hentry"],"_links":{"self":[{"href":"https:\/\/easymed.vn\/en\/wp-json\/wp\/v2\/pages\/14888","targetHints":{"allow":["GET"]}}],"collection":[{"href":"https:\/\/easymed.vn\/en\/wp-json\/wp\/v2\/pages"}],"about":[{"href":"https:\/\/easymed.vn\/en\/wp-json\/wp\/v2\/types\/page"}],"author":[{"embeddable":true,"href":"https:\/\/easymed.vn\/en\/wp-json\/wp\/v2\/users\/1"}],"replies":[{"embeddable":true,"href":"https:\/\/easymed.vn\/en\/wp-json\/wp\/v2\/comments?post=14888"}],"version-history":[{"count":22,"href":"https:\/\/easymed.vn\/en\/wp-json\/wp\/v2\/pages\/14888\/revisions"}],"predecessor-version":[{"id":15616,"href":"https:\/\/easymed.vn\/en\/wp-json\/wp\/v2\/pages\/14888\/revisions\/15616"}],"wp:attachment":[{"href":"https:\/\/easymed.vn\/en\/wp-json\/wp\/v2\/media?parent=14888"}],"curies":[{"name":"wp","href":"https:\/\/api.w.org\/{rel}","templated":true}]}}