
{"id":13492,"date":"2023-02-16T14:33:43","date_gmt":"2023-02-16T07:33:43","guid":{"rendered":"https:\/\/easymed.vn\/?page_id=13492"},"modified":"2023-10-05T14:00:44","modified_gmt":"2023-10-05T07:00:44","slug":"tieng-anh-chuyen-nganh","status":"publish","type":"page","link":"https:\/\/easymed.vn\/en\/khoa-hoc\/tieng-anh-chuyen-nganh\/","title":{"rendered":"Ti\u1ebfng anh chuy\u00ean ng\u00e0nh"},"content":{"rendered":"<div data-elementor-type=\"wp-page\" data-elementor-id=\"13492\" class=\"elementor elementor-13492\">\n\t\t\t\t\t\t<section class=\"elementor-section elementor-top-section elementor-element elementor-element-5deef9c elementor-section-full_width elementor-section-height-default elementor-section-height-default\" data-id=\"5deef9c\" data-element_type=\"section\">\n\t\t\t\t\t\t<div class=\"elementor-container elementor-column-gap-default\">\n\t\t\t\t\t<div class=\"elementor-column elementor-col-100 elementor-top-column elementor-element elementor-element-386cc81\" data-id=\"386cc81\" data-element_type=\"column\">\n\t\t\t<div class=\"elementor-widget-wrap elementor-element-populated\">\n\t\t\t\t\t\t<div class=\"elementor-element elementor-element-10166af elementor-widget elementor-widget-image\" data-id=\"10166af\" data-element_type=\"widget\" data-widget_type=\"image.default\">\n\t\t\t\t<div class=\"elementor-widget-container\">\n\t\t\t\t\t\t\t\t\t\t\t\t\t\t\t\t<a href=\"https:\/\/easymed.vn\/en\/book\/\">\n\t\t\t\t\t\t\t<img fetchpriority=\"high\" decoding=\"async\" width=\"2000\" height=\"1333\" src=\"https:\/\/easymed.vn\/wp-content\/uploads\/2022\/11\/Mesa-de-trabajo-1-1.png\" class=\"attachment-full size-full wp-image-12376\" alt=\"\" srcset=\"https:\/\/easymed.vn\/wp-content\/uploads\/2022\/11\/Mesa-de-trabajo-1-1.png 2000w, https:\/\/easymed.vn\/wp-content\/uploads\/2022\/11\/Mesa-de-trabajo-1-1-300x200.png 300w, https:\/\/easymed.vn\/wp-content\/uploads\/2022\/11\/Mesa-de-trabajo-1-1-1024x682.png 1024w, https:\/\/easymed.vn\/wp-content\/uploads\/2022\/11\/Mesa-de-trabajo-1-1-768x512.png 768w, https:\/\/easymed.vn\/wp-content\/uploads\/2022\/11\/Mesa-de-trabajo-1-1-1536x1024.png 1536w, https:\/\/easymed.vn\/wp-content\/uploads\/2022\/11\/Mesa-de-trabajo-1-1-1000x667.png 1000w\" sizes=\"(max-width: 2000px) 100vw, 2000px\" \/>\t\t\t\t\t\t\t\t<\/a>\n\t\t\t\t\t\t\t\t\t\t\t\t\t\t\t<\/div>\n\t\t\t\t<\/div>\n\t\t\t\t\t<\/div>\n\t\t<\/div>\n\t\t\t\t\t<\/div>\n\t\t<\/section>\n\t\t\t\t<section class=\"elementor-section elementor-top-section elementor-element elementor-element-5477076 elementor-section-content-middle elementor-section-boxed elementor-section-height-default elementor-section-height-default\" data-id=\"5477076\" data-element_type=\"section\" data-settings=\"{&quot;background_background&quot;:&quot;classic&quot;}\">\n\t\t\t\t\t\t<div class=\"elementor-container elementor-column-gap-default\">\n\t\t\t\t\t<div class=\"elementor-column elementor-col-100 elementor-top-column elementor-element elementor-element-9790003\" data-id=\"9790003\" data-element_type=\"column\">\n\t\t\t<div class=\"elementor-widget-wrap elementor-element-populated\">\n\t\t\t\t\t\t<div class=\"elementor-element elementor-element-6900495 elementor-widget elementor-widget-heading\" data-id=\"6900495\" data-element_type=\"widget\" data-widget_type=\"heading.default\">\n\t\t\t\t<div class=\"elementor-widget-container\">\n\t\t\t\t\t<h2 class=\"elementor-heading-title elementor-size-default\">c\u00e1c kh\u00f3a h\u1ecdc ti\u1ebfng anh chuy\u00ean ng\u00e0nh<\/h2>\t\t\t\t<\/div>\n\t\t\t\t<\/div>\n\t\t\t\t<div class=\"elementor-element elementor-element-ee89d62 elementor-widget elementor-widget-text-editor\" data-id=\"ee89d62\" data-element_type=\"widget\" data-widget_type=\"text-editor.default\">\n\t\t\t\t<div class=\"elementor-widget-container\">\n\t\t\t\t\t\t\t\t\tT\u1ea1i EasyMed, c\u00e1c chuy\u00ean gia \u0111\u00e3 bi\u00ean so\u1ea1n \u0111\u01b0\u1ee3c <strong style=\"color: #10b1e5;\">l\u1ed9 tr\u00ecnh ng\u1eafn nh\u1ea5t<\/strong> \u0111\u1ec3 gi\u00fap b\u1ea1n \u0111\u1ecdc hi\u1ec3u t\u00e0i li\u1ec7u Anh V\u0103n Chuy\u00ean Ng\u00e0nh.\t\t\t\t\t\t\t\t<\/div>\n\t\t\t\t<\/div>\n\t\t\t\t\t<\/div>\n\t\t<\/div>\n\t\t\t\t\t<\/div>\n\t\t<\/section>\n\t\t\t\t<section class=\"elementor-section elementor-top-section elementor-element elementor-element-fa49fe0 elementor-section-boxed elementor-section-height-default elementor-section-height-default\" data-id=\"fa49fe0\" data-element_type=\"section\">\n\t\t\t\t\t\t<div class=\"elementor-container elementor-column-gap-default\">\n\t\t\t\t\t<div class=\"elementor-column elementor-col-100 elementor-top-column elementor-element elementor-element-d16e1a7\" data-id=\"d16e1a7\" data-element_type=\"column\">\n\t\t\t<div class=\"elementor-widget-wrap elementor-element-populated\">\n\t\t\t\t\t\t<div class=\"elementor-element elementor-element-689c828 ft-price elementor-widget elementor-widget-etlms-course-list tutor-addon etlms-course-list\" data-id=\"689c828\" data-element_type=\"widget\" data-widget_type=\"etlms-course-list.default\">\n\t\t\t\t<div class=\"elementor-widget-container\">\n\t\t\t\t\t<div class=\"tutor-wrap tutor-courses-wrap tutor-container etlms-course-list-main-wrap\">\n\t\t\t\t\t<div class=\"etlms-course-list-loop-wrap tutor-course-list tutor-grid tutor-grid-3\">\n\t\t\t\t\t\t\t<div class=\"etlms-course-list-col\">\n\t\t\t\t\t<div class=\"tutor-card tutor-course-card tutor-loop-course-container etlms-course-card-classic   etlms-has-hover-animation\">\n            <div class=\"tutor-course-thumbnail\">\n        <a href=\"https:\/\/easymed.vn\/en\/courses\/bao-cao-ca-lam-sang\/\" class=\"tutor-d-block\">\n            <div class=\"tutor-ratio tutor-ratio-16x9\">\n                <img decoding=\"async\" class=\"tutor-card-image-top\" src=\"https:\/\/easymed.vn\/wp-content\/uploads\/2023\/10\/seminaire-con.png\" alt=\"B\u00e1o C\u00e1o Ca L\u00e2m S\u00e0ng\" loading=\"lazy\">\n            <\/div>\n        <\/a>\n    <\/div>\n\n    <div class=\"tutor-card-body\">\n        <h3 class=\"tutor-course-name tutor-fs-5 tutor-fw-medium tutor-mb-12\" title=\"B\u00e1o C\u00e1o Ca L\u00e2m S\u00e0ng\">\n    <a href=\"https:\/\/easymed.vn\/en\/courses\/bao-cao-ca-lam-sang\/\">B\u00e1o C\u00e1o Ca L\u00e2m S\u00e0ng<\/a>\n<\/h3>\n    <\/div>\n\n    <div class=\"tutor-card-footer\">\n    <div class=\"tutor-d-flex tutor-align-center tutor-justify-between\"><div class=\"list-item-price tutor-d-flex tutor-align-center\"> <span class=\"price tutor-fs-6 tutor-fw-bold tutor-color-black\"><del aria-hidden=\"true\"><span class=\"woocommerce-Price-amount amount\"><bdi>1.500.000<span class=\"woocommerce-Price-currencySymbol\">&#8363;<\/span><\/bdi><\/span><\/del> <span class=\"screen-reader-text\" data-no-translation=\"\" data-trp-gettext=\"\">Original price was: 1.500.000&#8363;.<\/span><ins aria-hidden=\"true\"><span class=\"woocommerce-Price-amount amount\"><bdi>500.000<span class=\"woocommerce-Price-currencySymbol\">&#8363;<\/span><\/bdi><\/span><\/ins><span class=\"screen-reader-text\" data-no-translation=\"\" data-trp-gettext=\"\">Current price is: 500.000&#8363;.<\/span> <\/span><\/div><div class=\"list-item-button\"> \n\t<a href=\"\/en\/wp-json\/wp\/v2\/pages\/13492?add-to-cart=15452\" data-quantity=\"1\" class=\"tutor-btn tutor-btn-outline-primary tutor-btn-md tutor-btn-block  product_type_simple add_to_cart_button  tutor-open-login-modal\" data-product_id=\"15452\" data-product_sku=\"\" aria-label=\"Add to cart: \u201cB\u00e1o C\u00e1o Ca L\u00e2m S\u00e0ng T\u1ea1i H\u1ed9i Ngh\u1ecb\u201d\" rel=\"nofollow\" data-no-translation-aria-label=\"\"><span class=\"tutor-icon-cart-line tutor-mr-8\"><\/span><span class=\"cart-text\" data-no-translation=\"\" data-trp-gettext=\"\">Add to cart<\/span><\/a> <\/div><\/div><\/div>\n<\/div>\t\t\t\t<\/div>\n\t\t\t\t\t\t\t<div class=\"etlms-course-list-col\">\n\t\t\t\t\t<div class=\"tutor-card tutor-course-card tutor-loop-course-container etlms-course-card-classic   etlms-has-hover-animation\">\n            <div class=\"tutor-course-thumbnail\">\n        <a href=\"https:\/\/easymed.vn\/en\/courses\/luyen-nghe-tieng-anh-y-khoa-tang-kem-sach\/\" class=\"tutor-d-block\">\n            <div class=\"tutor-ratio tutor-ratio-16x9\">\n                <img decoding=\"async\" class=\"tutor-card-image-top\" src=\"https:\/\/easymed.vn\/wp-content\/uploads\/2023\/10\/Screenshot-2023-10-01-at-10.04.38-768x545.png\" alt=\"Luy\u1ec7n Nghe Ti\u1ebfng Anh Y Khoa\" loading=\"lazy\">\n            <\/div>\n        <\/a>\n    <\/div>\n\n    <div class=\"tutor-card-body\">\n        <h3 class=\"tutor-course-name tutor-fs-5 tutor-fw-medium tutor-mb-12\" title=\"Luy\u1ec7n Nghe Ti\u1ebfng Anh Y Khoa\">\n    <a href=\"https:\/\/easymed.vn\/en\/courses\/luyen-nghe-tieng-anh-y-khoa-tang-kem-sach\/\">Luy\u1ec7n Nghe Ti\u1ebfng Anh Y Khoa<\/a>\n<\/h3>\n    <\/div>\n\n    <div class=\"tutor-card-footer\">\n    <div class=\"tutor-course-list-btn\"><a href=\"https:\/\/easymed.vn\/en\/courses\/luyen-nghe-tieng-anh-y-khoa-tang-kem-sach\/\" class=\"tutor-btn tutor-btn-outline-primary tutor-btn-md tutor-btn-block tutor-open-login-modal\">Enroll Course<\/a><\/div><\/div>\n<\/div>\t\t\t\t<\/div>\n\t\t\t\t\t\t\t<div class=\"etlms-course-list-col\">\n\t\t\t\t\t<div class=\"tutor-card tutor-course-card tutor-loop-course-container etlms-course-card-classic   etlms-has-hover-animation\">\n            <div class=\"tutor-course-thumbnail\">\n        <a href=\"https:\/\/easymed.vn\/en\/courses\/tieng-anh-chuyen-nganh-san-phu-khoa\/\" class=\"tutor-d-block\">\n            <div class=\"tutor-ratio tutor-ratio-16x9\">\n                <img decoding=\"async\" class=\"tutor-card-image-top\" src=\"https:\/\/easymed.vn\/wp-content\/uploads\/2022\/09\/istockphoto-1243043960-612x612-1.jpg\" alt=\"Ti\u1ebfng Anh Chuy\u00ean Ng\u00e0nh S\u1ea3n Ph\u1ee5 Khoa\" loading=\"lazy\">\n            <\/div>\n        <\/a>\n    <\/div>\n\n    <div class=\"tutor-card-body\">\n        <h3 class=\"tutor-course-name tutor-fs-5 tutor-fw-medium tutor-mb-12\" title=\"Ti\u1ebfng Anh Chuy\u00ean Ng\u00e0nh S\u1ea3n Ph\u1ee5 Khoa\">\n    <a href=\"https:\/\/easymed.vn\/en\/courses\/tieng-anh-chuyen-nganh-san-phu-khoa\/\">Ti\u1ebfng Anh Chuy\u00ean Ng\u00e0nh S\u1ea3n Ph\u1ee5 Khoa<\/a>\n<\/h3>\n    <\/div>\n\n    <div class=\"tutor-card-footer\">\n    <div class=\"tutor-d-flex tutor-align-center tutor-justify-between\"><div class=\"list-item-price tutor-d-flex tutor-align-center\"> <span class=\"price tutor-fs-6 tutor-fw-bold tutor-color-black\"><del aria-hidden=\"true\"><span class=\"woocommerce-Price-amount amount\"><bdi>2.200.000<span class=\"woocommerce-Price-currencySymbol\">&#8363;<\/span><\/bdi><\/span><\/del> <span class=\"screen-reader-text\" data-no-translation=\"\" data-trp-gettext=\"\">Original price was: 2.200.000&#8363;.<\/span><ins aria-hidden=\"true\"><span class=\"woocommerce-Price-amount amount\"><bdi>1.000.000<span class=\"woocommerce-Price-currencySymbol\">&#8363;<\/span><\/bdi><\/span><\/ins><span class=\"screen-reader-text\" data-no-translation=\"\" data-trp-gettext=\"\">Current price is: 1.000.000&#8363;.<\/span> <\/span><\/div><div class=\"list-item-button\"> \n\t<a href=\"\/en\/wp-json\/wp\/v2\/pages\/13492?add-to-cart=9916\" data-quantity=\"1\" class=\"tutor-btn tutor-btn-outline-primary tutor-btn-md tutor-btn-block  product_type_simple add_to_cart_button  tutor-open-login-modal\" data-product_id=\"9916\" data-product_sku=\"\" aria-label=\"Add to cart: \u201cTi\u1ebfng Anh Chuy\u00ean Ng\u00e0nh S\u1ea3n Ph\u1ee5 Khoa\u201d\" rel=\"nofollow\" data-no-translation-aria-label=\"\"><span class=\"tutor-icon-cart-line tutor-mr-8\"><\/span><span class=\"cart-text\" data-no-translation=\"\" data-trp-gettext=\"\">Add to cart<\/span><\/a> <\/div><\/div><\/div>\n<\/div>\t\t\t\t<\/div>\n\t\t\t\t\t\t\t<div class=\"etlms-course-list-col\">\n\t\t\t\t\t<div class=\"tutor-card tutor-course-card tutor-loop-course-container etlms-course-card-classic   etlms-has-hover-animation\">\n            <div class=\"tutor-course-thumbnail\">\n        <a href=\"https:\/\/easymed.vn\/en\/courses\/tieng-anh-chuyen-nganh-sieu-am\/\" class=\"tutor-d-block\">\n            <div class=\"tutor-ratio tutor-ratio-16x9\">\n                <img decoding=\"async\" class=\"tutor-card-image-top\" src=\"https:\/\/easymed.vn\/wp-content\/uploads\/2022\/08\/Anh-Bia-Khoa-hoc-Tieng-Anh-Sieu-Am-768x549.jpg\" alt=\"Ti\u1ebfng Anh Chuy\u00ean Ng\u00e0nh Si\u00eau \u00c2m\" loading=\"lazy\">\n            <\/div>\n        <\/a>\n    <\/div>\n\n    <div class=\"tutor-card-body\">\n        <h3 class=\"tutor-course-name tutor-fs-5 tutor-fw-medium tutor-mb-12\" title=\"Ti\u1ebfng Anh Chuy\u00ean Ng\u00e0nh Si\u00eau \u00c2m\">\n    <a href=\"https:\/\/easymed.vn\/en\/courses\/tieng-anh-chuyen-nganh-sieu-am\/\">Ti\u1ebfng Anh Chuy\u00ean Ng\u00e0nh Si\u00eau \u00c2m<\/a>\n<\/h3>\n    <\/div>\n\n    <div class=\"tutor-card-footer\">\n    <div class=\"tutor-d-flex tutor-align-center tutor-justify-between\"><div class=\"list-item-price tutor-d-flex tutor-align-center\"> <span class=\"price tutor-fs-6 tutor-fw-bold tutor-color-black\"><del aria-hidden=\"true\"><span class=\"woocommerce-Price-amount amount\"><bdi>2.000.000<span class=\"woocommerce-Price-currencySymbol\">&#8363;<\/span><\/bdi><\/span><\/del> <span class=\"screen-reader-text\" data-no-translation=\"\" data-trp-gettext=\"\">Original price was: 2.000.000&#8363;.<\/span><ins aria-hidden=\"true\"><span class=\"woocommerce-Price-amount amount\"><bdi>800.000<span class=\"woocommerce-Price-currencySymbol\">&#8363;<\/span><\/bdi><\/span><\/ins><span class=\"screen-reader-text\" data-no-translation=\"\" data-trp-gettext=\"\">Current price is: 800.000&#8363;.<\/span> <\/span><\/div><div class=\"list-item-button\"> \n\t<a href=\"\/en\/wp-json\/wp\/v2\/pages\/13492?add-to-cart=9456\" data-quantity=\"1\" class=\"tutor-btn tutor-btn-outline-primary tutor-btn-md tutor-btn-block  product_type_simple add_to_cart_button  tutor-open-login-modal\" data-product_id=\"9456\" data-product_sku=\"\" aria-label=\"Add to cart: \u201cTi\u1ebfng Anh Chuy\u00ean Ng\u00e0nh Si\u00eau \u00c2m\u201d\" rel=\"nofollow\" data-no-translation-aria-label=\"\"><span class=\"tutor-icon-cart-line tutor-mr-8\"><\/span><span class=\"cart-text\" data-no-translation=\"\" data-trp-gettext=\"\">Add to cart<\/span><\/a> <\/div><\/div><\/div>\n<\/div>\t\t\t\t<\/div>\n\t\t\t\t\t\t\t<div class=\"etlms-course-list-col\">\n\t\t\t\t\t<div class=\"tutor-card tutor-course-card tutor-loop-course-container etlms-course-card-classic   etlms-has-hover-animation\">\n            <div class=\"tutor-course-thumbnail\">\n        <a href=\"https:\/\/easymed.vn\/en\/courses\/tieng-anh-y-khoa-co-ban\/\" class=\"tutor-d-block\">\n            <div class=\"tutor-ratio tutor-ratio-16x9\">\n                <img decoding=\"async\" class=\"tutor-card-image-top\" src=\"https:\/\/easymed.vn\/wp-content\/uploads\/2022\/05\/Anh-minh-hoa-cho-khoa-hoc-1-768x250.jpg\" alt=\"Ti\u1ebfng Anh Y Khoa C\u01a1 B\u1ea3n (Ti\u00eau h\u00f3a, H\u00f4 h\u1ea5p, Tim m\u1ea1ch, Ti\u1ebft ni\u1ec7u)\" loading=\"lazy\">\n            <\/div>\n        <\/a>\n    <\/div>\n\n    <div class=\"tutor-card-body\">\n        <h3 class=\"tutor-course-name tutor-fs-5 tutor-fw-medium tutor-mb-12\" title=\"Ti\u1ebfng Anh Y Khoa C\u01a1 B\u1ea3n (Ti\u00eau h\u00f3a, H\u00f4 h\u1ea5p, Tim m\u1ea1ch, Ti\u1ebft ni\u1ec7u)\">\n    <a href=\"https:\/\/easymed.vn\/en\/courses\/tieng-anh-y-khoa-co-ban\/\">Ti\u1ebfng Anh Y Khoa C\u01a1 B\u1ea3n (Ti\u00eau h\u00f3a, H\u00f4 h\u1ea5p, Tim m\u1ea1ch, Ti\u1ebft ni\u1ec7u)<\/a>\n<\/h3>\n    <\/div>\n\n    <div class=\"tutor-card-footer\">\n    <div class=\"tutor-d-flex tutor-align-center tutor-justify-between\"><div class=\"list-item-price tutor-d-flex tutor-align-center\"> <span class=\"price tutor-fs-6 tutor-fw-bold tutor-color-black\"><del aria-hidden=\"true\"><span class=\"woocommerce-Price-amount amount\"><bdi>2.800.000<span class=\"woocommerce-Price-currencySymbol\">&#8363;<\/span><\/bdi><\/span><\/del> <span class=\"screen-reader-text\" data-no-translation=\"\" data-trp-gettext=\"\">Original price was: 2.800.000&#8363;.<\/span><ins aria-hidden=\"true\"><span class=\"woocommerce-Price-amount amount\"><bdi>1.200.000<span class=\"woocommerce-Price-currencySymbol\">&#8363;<\/span><\/bdi><\/span><\/ins><span class=\"screen-reader-text\" data-no-translation=\"\" data-trp-gettext=\"\">Current price is: 1.200.000&#8363;.<\/span> <\/span><\/div><div class=\"list-item-button\"> \n\t<a href=\"\/en\/wp-json\/wp\/v2\/pages\/13492?add-to-cart=7420\" data-quantity=\"1\" class=\"tutor-btn tutor-btn-outline-primary tutor-btn-md tutor-btn-block  product_type_simple add_to_cart_button  tutor-open-login-modal\" data-product_id=\"7420\" data-product_sku=\"\" aria-label=\"Add to cart: \u201cTi\u1ebfng Anh Y Khoa C\u01a1 B\u1ea3n\u201d\" rel=\"nofollow\" data-no-translation-aria-label=\"\"><span class=\"tutor-icon-cart-line tutor-mr-8\"><\/span><span class=\"cart-text\" data-no-translation=\"\" data-trp-gettext=\"\">Add to cart<\/span><\/a> <\/div><\/div><\/div>\n<\/div>\t\t\t\t<\/div>\n\t\t\t\t\t<\/div>\n\n\t\t\t\t<\/div>\n<div class=\"tutor-modal tutor-login-modal\">\n\t<div class=\"tutor-modal-overlay\"><\/div>\n\t<div class=\"tutor-modal-window tutor-modal-window-sm\">\n\t\t<div class=\"tutor-modal-content tutor-modal-content-white\">\n\t\t\t<button class=\"tutor-iconic-btn tutor-modal-close-o\" data-tutor-modal-close>\n\t\t\t\t<span class=\"tutor-icon-times\" area-hidden=\"true\"><\/span>\n\t\t\t<\/button>\n\n\t\t\t<div class=\"tutor-modal-body\">\n\t\t\t\t<div class=\"tutor-py-48\">\n\t\t\t\t\t\t\t\t\t\t<div class=\"tutor-fs-4 tutor-fw-medium tutor-color-black tutor-mb-32\">Hi, Welcome back!<\/div>\n\t\t\t\t\t<form id=\"tutor-login-form\" method=\"post\" action=\"\">\n\t\t<input type=\"hidden\" id=\"_tutor_nonce\" name=\"_tutor_nonce\" value=\"1098f3cce8\" \/><input type=\"hidden\" name=\"_wp_http_referer\" value=\"\/en\/wp-json\/wp\/v2\/pages\/13492\" \/>\t<input type=\"hidden\" name=\"tutor_action\" value=\"tutor_user_login\" \/>\n\t<input type=\"hidden\" name=\"redirect_to\" value=\"https:\/\/easymed.vn\/en\/wp-json\/wp\/v2\/pages\/13492\" \/>\n\n\t<div class=\"tutor-mb-20\">\n\t\t<input type=\"text\" class=\"tutor-form-control\" placeholder=\"Username or Email Address\" name=\"log\" value=\"\" size=\"20\" required>\n\t<\/div>\n\n\t<div class=\"tutor-mb-32\">\n\t\t<input type=\"password\" class=\"tutor-form-control\" placeholder=\"Password\" name=\"pwd\" value=\"\" size=\"20\" required>\n\t<\/div>\n\n\t<div class=\"tutor-login-error\"><\/div>\n\t\t\t<input type=\"hidden\" name=\"timezone\" value=\"+07:00\" \/>\n\t\t<script>\n\t\t\tdocument.addEventListener('DOMContentLoaded', function() {\n\t\t\t\tconst timezone = document.querySelector('input[name=\"timezone\"]');\n\t\t\t\tif ( timezone) {\n\t\t\t\t\tconst tz = Intl.DateTimeFormat().resolvedOptions().timeZone;\n\t\t\t\t\ttimezone.value = tz\n\t\t\t\t}\n\t\t\t});\n\t\t<\/script>\n\t\t\t<div class=\"tutor-d-flex tutor-justify-between tutor-align-center tutor-mb-40\">\n\t\t<div class=\"tutor-form-check\">\n\t\t\t<input id=\"tutor-login-agmnt-1\" type=\"checkbox\" class=\"tutor-form-check-input tutor-bg-black-40\" name=\"rememberme\" value=\"forever\" \/>\n\t\t\t<label for=\"tutor-login-agmnt-1\" class=\"tutor-fs-7 tutor-color-muted\">\n\t\t\t\tKeep me signed in\t\t\t<\/label>\n\t\t<\/div>\n\t\t<a href=\"https:\/\/easymed.vn\/en\/bang-khoa-hoc\/retrieve-password\" class=\"tutor-btn tutor-btn-ghost\">\n\t\t\tForgot Password?\t\t<\/a>\n\t<\/div>\n\n\t\t<button type=\"submit\" class=\"tutor-btn tutor-btn-primary tutor-btn-block\">\n\t\tSign In\t<\/button>\n\t\n\t\t\t\t\t<div class=\"tutor-text-center tutor-fs-6 tutor-color-secondary tutor-mt-20\">\n\t\t\tDon&#039;t have an account?&nbsp;\n\t\t\t<a href=\"https:\/\/easymed.vn\/en\/dang-ky-tai-khoan\/?redirect_to=https:\/\/easymed.vn\/en\/wp-json\/wp\/v2\/pages\/13492\" class=\"tutor-btn tutor-btn-link\">\n\t\t\t\tRegister Now\t\t\t<\/a>\n\t\t<\/div>\n\t\t<input type=\"hidden\" name=\"trp-form-language\" value=\"en\"\/><\/form>\n<script>\n\tdocument.addEventListener('DOMContentLoaded', function() {\n\t\tvar { __ } = wp.i18n;\n\t\tvar loginModal = document.querySelector('.tutor-modal.tutor-login-modal');\n\t\tvar errors = [];\n\t\tif (loginModal && errors.length) {\n\t\t\tloginModal.classList.add('tutor-is-active');\n\t\t}\n\t});\n<\/script>\n\n\t\t\t\t\t\t\t\t\t<\/div>\n\t\t\t\t\t\t\t<\/div>\n\t\t<\/div>\n\t<\/div>\n<\/div>\n\t\t\t\t<\/div>\n\t\t\t\t<\/div>\n\t\t\t\t\t<\/div>\n\t\t<\/div>\n\t\t\t\t\t<\/div>\n\t\t<\/section>\n\t\t\t\t<\/div>","protected":false},"excerpt":{"rendered":"<p>c\u00e1c kh\u00f3a h\u1ecdc ti\u1ebfng anh chuy\u00ean ng\u00e0nh T\u1ea1i EasyMed, c\u00e1c chuy\u00ean gia \u0111\u00e3 bi\u00ean so\u1ea1n \u0111\u01b0\u1ee3c l\u1ed9 tr\u00ecnh<\/p>","protected":false},"author":1,"featured_media":0,"parent":11013,"menu_order":0,"comment_status":"closed","ping_status":"closed","template":"elementor_header_footer","meta":{"_tutorstarter_page_metadata":[],"footnotes":""},"class_list":["post-13492","page","type-page","status-publish","hentry"],"_links":{"self":[{"href":"https:\/\/easymed.vn\/en\/wp-json\/wp\/v2\/pages\/13492","targetHints":{"allow":["GET"]}}],"collection":[{"href":"https:\/\/easymed.vn\/en\/wp-json\/wp\/v2\/pages"}],"about":[{"href":"https:\/\/easymed.vn\/en\/wp-json\/wp\/v2\/types\/page"}],"author":[{"embeddable":true,"href":"https:\/\/easymed.vn\/en\/wp-json\/wp\/v2\/users\/1"}],"replies":[{"embeddable":true,"href":"https:\/\/easymed.vn\/en\/wp-json\/wp\/v2\/comments?post=13492"}],"version-history":[{"count":10,"href":"https:\/\/easymed.vn\/en\/wp-json\/wp\/v2\/pages\/13492\/revisions"}],"predecessor-version":[{"id":15608,"href":"https:\/\/easymed.vn\/en\/wp-json\/wp\/v2\/pages\/13492\/revisions\/15608"}],"up":[{"embeddable":true,"href":"https:\/\/easymed.vn\/en\/wp-json\/wp\/v2\/pages\/11013"}],"wp:attachment":[{"href":"https:\/\/easymed.vn\/en\/wp-json\/wp\/v2\/media?parent=13492"}],"curies":[{"name":"wp","href":"https:\/\/api.w.org\/{rel}","templated":true}]}}