
{"id":11013,"date":"2022-10-04T19:16:35","date_gmt":"2022-10-04T12:16:35","guid":{"rendered":"https:\/\/easymed.vn\/?page_id=11013"},"modified":"2023-10-03T11:26:55","modified_gmt":"2023-10-03T04:26:55","slug":"khoa-hoc","status":"publish","type":"page","link":"https:\/\/easymed.vn\/en\/khoa-hoc\/","title":{"rendered":"Kh\u00f3a h\u1ecdc"},"content":{"rendered":"<div data-elementor-type=\"wp-page\" data-elementor-id=\"11013\" class=\"elementor elementor-11013\">\n\t\t\t\t\t\t<section class=\"elementor-section elementor-top-section elementor-element elementor-element-284791d elementor-section-content-middle elementor-section-boxed elementor-section-height-default elementor-section-height-default\" data-id=\"284791d\" data-element_type=\"section\" data-settings=\"{&quot;background_background&quot;:&quot;classic&quot;}\">\n\t\t\t\t\t\t<div class=\"elementor-container elementor-column-gap-default\">\n\t\t\t\t\t<div class=\"elementor-column elementor-col-100 elementor-top-column elementor-element elementor-element-538e85c\" data-id=\"538e85c\" data-element_type=\"column\">\n\t\t\t<div class=\"elementor-widget-wrap elementor-element-populated\">\n\t\t\t\t\t\t<div class=\"elementor-element elementor-element-59fc384 elementor-widget elementor-widget-heading\" data-id=\"59fc384\" data-element_type=\"widget\" data-widget_type=\"heading.default\">\n\t\t\t\t<div class=\"elementor-widget-container\">\n\t\t\t\t\t<h2 class=\"elementor-heading-title elementor-size-default\">c\u00e1c kh\u00f3a h\u1ecdc ti\u1ebfng anh n\u1ec1n t\u1ea3ng<\/h2>\t\t\t\t<\/div>\n\t\t\t\t<\/div>\n\t\t\t\t<div class=\"elementor-element elementor-element-c74e219 elementor-widget elementor-widget-text-editor\" data-id=\"c74e219\" data-element_type=\"widget\" data-widget_type=\"text-editor.default\">\n\t\t\t\t<div class=\"elementor-widget-container\">\n\t\t\t\t\t\t\t\t\tT\u1ea1i EasyMed, c\u00e1c kh\u00f3a h\u1ecdc gi\u00fap b\u1ea1n <strong style=\"color: #10b1e5;\">s\u1edf h\u1eefu n\u1ec1n t\u1ea3ng ti\u1ebfng Anh v\u1eefng ch\u1eafc<\/strong> tr\u01b0\u1edbc khi b\u01b0\u1edbc v\u00e0o c\u00e1c kh\u00f3a h\u1ecdc chuy\u00ean ng\u00e0nh.\t\t\t\t\t\t\t\t<\/div>\n\t\t\t\t<\/div>\n\t\t\t\t\t<\/div>\n\t\t<\/div>\n\t\t\t\t\t<\/div>\n\t\t<\/section>\n\t\t\t\t<section class=\"elementor-section elementor-top-section elementor-element elementor-element-f1e7959 elementor-section-boxed elementor-section-height-default elementor-section-height-default\" data-id=\"f1e7959\" data-element_type=\"section\">\n\t\t\t\t\t\t<div class=\"elementor-container elementor-column-gap-default\">\n\t\t\t\t\t<div class=\"elementor-column elementor-col-100 elementor-top-column elementor-element elementor-element-602d839\" data-id=\"602d839\" data-element_type=\"column\">\n\t\t\t<div class=\"elementor-widget-wrap elementor-element-populated\">\n\t\t\t\t\t\t<div class=\"elementor-element elementor-element-c978eab elementor-widget elementor-widget-etlms-course-list tutor-addon etlms-course-list\" data-id=\"c978eab\" data-element_type=\"widget\" data-widget_type=\"etlms-course-list.default\">\n\t\t\t\t<div class=\"elementor-widget-container\">\n\t\t\t\t\t<div class=\"tutor-wrap tutor-courses-wrap tutor-container etlms-course-list-main-wrap\">\n\t\t\t\t\t<div class=\"etlms-course-list-loop-wrap tutor-course-list tutor-grid tutor-grid-3\">\n\t\t\t\t\t\t\t<div class=\"etlms-course-list-col\">\n\t\t\t\t\t<div class=\"tutor-card tutor-course-card tutor-loop-course-container etlms-course-card-classic   etlms-has-hover-animation\">\n            <div class=\"tutor-course-thumbnail\">\n        <a href=\"https:\/\/easymed.vn\/en\/courses\/phat-am-giao-tiep-co-ban\/\" class=\"tutor-d-block\">\n            <div class=\"tutor-ratio tutor-ratio-16x9\">\n                <img decoding=\"async\" class=\"tutor-card-image-top\" src=\"https:\/\/easymed.vn\/wp-content\/uploads\/2022\/10\/Phat-am-co-ban-anh-bia-768x384.png\" alt=\"Ph\u00e1t \u00c2m Ti\u1ebfng Anh C\u01a1 B\u1ea3n\" loading=\"lazy\">\n            <\/div>\n        <\/a>\n    <\/div>\n\n    <div class=\"tutor-card-body\">\n        <h3 class=\"tutor-course-name tutor-fs-5 tutor-fw-medium tutor-mb-12\" title=\"Ph\u00e1t \u00c2m Ti\u1ebfng Anh C\u01a1 B\u1ea3n\">\n    <a href=\"https:\/\/easymed.vn\/en\/courses\/phat-am-giao-tiep-co-ban\/\">Ph\u00e1t \u00c2m Ti\u1ebfng Anh C\u01a1 B\u1ea3n<\/a>\n<\/h3>\n    <\/div>\n\n    <\/div>\t\t\t\t<\/div>\n\t\t\t\t\t<\/div>\n\n\t\t\t\t<\/div>\n<div class=\"tutor-modal tutor-login-modal\">\n\t<div class=\"tutor-modal-overlay\"><\/div>\n\t<div class=\"tutor-modal-window tutor-modal-window-sm\">\n\t\t<div class=\"tutor-modal-content tutor-modal-content-white\">\n\t\t\t<button class=\"tutor-iconic-btn tutor-modal-close-o\" data-tutor-modal-close>\n\t\t\t\t<span class=\"tutor-icon-times\" area-hidden=\"true\"><\/span>\n\t\t\t<\/button>\n\n\t\t\t<div class=\"tutor-modal-body\">\n\t\t\t\t<div class=\"tutor-py-48\">\n\t\t\t\t\t\t\t\t\t\t<div class=\"tutor-fs-4 tutor-fw-medium tutor-color-black tutor-mb-32\">Hi, Welcome back!<\/div>\n\t\t\t\t\t<form id=\"tutor-login-form\" method=\"post\" action=\"\">\n\t\t<input type=\"hidden\" id=\"_tutor_nonce\" name=\"_tutor_nonce\" value=\"1098f3cce8\" \/><input type=\"hidden\" name=\"_wp_http_referer\" value=\"\/en\/wp-json\/wp\/v2\/pages\/11013\" \/>\t<input type=\"hidden\" name=\"tutor_action\" value=\"tutor_user_login\" \/>\n\t<input type=\"hidden\" name=\"redirect_to\" value=\"https:\/\/easymed.vn\/en\/wp-json\/wp\/v2\/pages\/11013\" \/>\n\n\t<div class=\"tutor-mb-20\">\n\t\t<input type=\"text\" class=\"tutor-form-control\" placeholder=\"Username or Email Address\" name=\"log\" value=\"\" size=\"20\" required>\n\t<\/div>\n\n\t<div class=\"tutor-mb-32\">\n\t\t<input type=\"password\" class=\"tutor-form-control\" placeholder=\"Password\" name=\"pwd\" value=\"\" size=\"20\" required>\n\t<\/div>\n\n\t<div class=\"tutor-login-error\"><\/div>\n\t\t\t<input type=\"hidden\" name=\"timezone\" value=\"+07:00\" \/>\n\t\t<script>\n\t\t\tdocument.addEventListener('DOMContentLoaded', function() {\n\t\t\t\tconst timezone = document.querySelector('input[name=\"timezone\"]');\n\t\t\t\tif ( timezone) {\n\t\t\t\t\tconst tz = Intl.DateTimeFormat().resolvedOptions().timeZone;\n\t\t\t\t\ttimezone.value = tz\n\t\t\t\t}\n\t\t\t});\n\t\t<\/script>\n\t\t\t<div class=\"tutor-d-flex tutor-justify-between tutor-align-center tutor-mb-40\">\n\t\t<div class=\"tutor-form-check\">\n\t\t\t<input id=\"tutor-login-agmnt-1\" type=\"checkbox\" class=\"tutor-form-check-input tutor-bg-black-40\" name=\"rememberme\" value=\"forever\" \/>\n\t\t\t<label for=\"tutor-login-agmnt-1\" class=\"tutor-fs-7 tutor-color-muted\">\n\t\t\t\tKeep me signed in\t\t\t<\/label>\n\t\t<\/div>\n\t\t<a href=\"https:\/\/easymed.vn\/en\/bang-khoa-hoc\/retrieve-password\" class=\"tutor-btn tutor-btn-ghost\">\n\t\t\tForgot Password?\t\t<\/a>\n\t<\/div>\n\n\t\t<button type=\"submit\" class=\"tutor-btn tutor-btn-primary tutor-btn-block\">\n\t\tSign In\t<\/button>\n\t\n\t\t\t\t\t<div class=\"tutor-text-center tutor-fs-6 tutor-color-secondary tutor-mt-20\">\n\t\t\tDon&#039;t have an account?&nbsp;\n\t\t\t<a href=\"https:\/\/easymed.vn\/en\/dang-ky-tai-khoan\/?redirect_to=https:\/\/easymed.vn\/en\/wp-json\/wp\/v2\/pages\/11013\" class=\"tutor-btn tutor-btn-link\">\n\t\t\t\tRegister Now\t\t\t<\/a>\n\t\t<\/div>\n\t\t<input type=\"hidden\" name=\"trp-form-language\" value=\"en\"\/><\/form>\n<script>\n\tdocument.addEventListener('DOMContentLoaded', function() {\n\t\tvar { __ } = wp.i18n;\n\t\tvar loginModal = document.querySelector('.tutor-modal.tutor-login-modal');\n\t\tvar errors = [];\n\t\tif (loginModal && errors.length) {\n\t\t\tloginModal.classList.add('tutor-is-active');\n\t\t}\n\t});\n<\/script>\n\n\t\t\t\t\t\t\t\t\t<\/div>\n\t\t\t\t\t\t\t<\/div>\n\t\t<\/div>\n\t<\/div>\n<\/div>\n\t\t\t\t<\/div>\n\t\t\t\t<\/div>\n\t\t\t\t\t<\/div>\n\t\t<\/div>\n\t\t\t\t\t<\/div>\n\t\t<\/section>\n\t\t\t\t<section class=\"elementor-section elementor-top-section elementor-element elementor-element-ecfcb91 elementor-section-content-middle elementor-section-boxed elementor-section-height-default elementor-section-height-default\" data-id=\"ecfcb91\" data-element_type=\"section\" data-settings=\"{&quot;background_background&quot;:&quot;classic&quot;}\">\n\t\t\t\t\t\t<div class=\"elementor-container elementor-column-gap-default\">\n\t\t\t\t\t<div class=\"elementor-column elementor-col-100 elementor-top-column elementor-element elementor-element-802e18a\" data-id=\"802e18a\" data-element_type=\"column\">\n\t\t\t<div class=\"elementor-widget-wrap elementor-element-populated\">\n\t\t\t\t\t\t<div class=\"elementor-element elementor-element-dc3a516 elementor-widget elementor-widget-heading\" data-id=\"dc3a516\" data-element_type=\"widget\" data-widget_type=\"heading.default\">\n\t\t\t\t<div class=\"elementor-widget-container\">\n\t\t\t\t\t<h2 class=\"elementor-heading-title elementor-size-default\">c\u00e1c kh\u00f3a h\u1ecdc ti\u1ebfng anh chuy\u00ean ng\u00e0nh<\/h2>\t\t\t\t<\/div>\n\t\t\t\t<\/div>\n\t\t\t\t<div class=\"elementor-element elementor-element-d6fb0b1 elementor-widget elementor-widget-text-editor\" data-id=\"d6fb0b1\" data-element_type=\"widget\" data-widget_type=\"text-editor.default\">\n\t\t\t\t<div class=\"elementor-widget-container\">\n\t\t\t\t\t\t\t\t\tT\u1ea1i EasyMed, c\u00e1c chuy\u00ean gia \u0111\u00e3 bi\u00ean so\u1ea1n \u0111\u01b0\u1ee3c <strong style=\"color: #10b1e5;\">l\u1ed9 tr\u00ecnh ng\u1eafn nh\u1ea5t<\/strong> \u0111\u1ec3 gi\u00fap b\u1ea1n \u0111\u1ecdc hi\u1ec3u t\u00e0i li\u1ec7u Anh V\u0103n Chuy\u00ean Ng\u00e0nh.\t\t\t\t\t\t\t\t<\/div>\n\t\t\t\t<\/div>\n\t\t\t\t\t<\/div>\n\t\t<\/div>\n\t\t\t\t\t<\/div>\n\t\t<\/section>\n\t\t\t\t<section class=\"elementor-section elementor-top-section elementor-element elementor-element-38c6491 elementor-section-boxed elementor-section-height-default elementor-section-height-default\" data-id=\"38c6491\" data-element_type=\"section\">\n\t\t\t\t\t\t<div class=\"elementor-container elementor-column-gap-default\">\n\t\t\t\t\t<div class=\"elementor-column elementor-col-100 elementor-top-column elementor-element elementor-element-5a3f0ea\" data-id=\"5a3f0ea\" data-element_type=\"column\">\n\t\t\t<div class=\"elementor-widget-wrap elementor-element-populated\">\n\t\t\t\t\t\t<div class=\"elementor-element elementor-element-6c760e1 elementor-widget elementor-widget-etlms-course-list tutor-addon etlms-course-list\" data-id=\"6c760e1\" data-element_type=\"widget\" data-widget_type=\"etlms-course-list.default\">\n\t\t\t\t<div class=\"elementor-widget-container\">\n\t\t\t\t\t<div class=\"tutor-wrap tutor-courses-wrap tutor-container etlms-course-list-main-wrap\">\n\t\t\t\t\t<div class=\"etlms-course-list-loop-wrap tutor-course-list tutor-grid tutor-grid-3\">\n\t\t\t\t\t\t\t<div class=\"etlms-course-list-col\">\n\t\t\t\t\t<div class=\"tutor-card tutor-course-card tutor-loop-course-container etlms-course-card-classic   etlms-has-hover-animation\">\n            <div class=\"tutor-course-thumbnail\">\n        <a href=\"https:\/\/easymed.vn\/en\/courses\/bao-cao-ca-lam-sang\/\" class=\"tutor-d-block\">\n            <div class=\"tutor-ratio tutor-ratio-16x9\">\n                <img decoding=\"async\" class=\"tutor-card-image-top\" src=\"https:\/\/easymed.vn\/wp-content\/uploads\/2023\/10\/seminaire-con.png\" alt=\"B\u00e1o C\u00e1o Ca L\u00e2m S\u00e0ng\" loading=\"lazy\">\n            <\/div>\n        <\/a>\n    <\/div>\n\n    <div class=\"tutor-card-body\">\n        <h3 class=\"tutor-course-name tutor-fs-5 tutor-fw-medium tutor-mb-12\" title=\"B\u00e1o C\u00e1o Ca L\u00e2m S\u00e0ng\">\n    <a href=\"https:\/\/easymed.vn\/en\/courses\/bao-cao-ca-lam-sang\/\">B\u00e1o C\u00e1o Ca L\u00e2m S\u00e0ng<\/a>\n<\/h3>\n    <\/div>\n\n    <\/div>\t\t\t\t<\/div>\n\t\t\t\t\t\t\t<div class=\"etlms-course-list-col\">\n\t\t\t\t\t<div class=\"tutor-card tutor-course-card tutor-loop-course-container etlms-course-card-classic   etlms-has-hover-animation\">\n            <div class=\"tutor-course-thumbnail\">\n        <a href=\"https:\/\/easymed.vn\/en\/courses\/luyen-nghe-tieng-anh-y-khoa-tang-kem-sach\/\" class=\"tutor-d-block\">\n            <div class=\"tutor-ratio tutor-ratio-16x9\">\n                <img decoding=\"async\" class=\"tutor-card-image-top\" src=\"https:\/\/easymed.vn\/wp-content\/uploads\/2023\/10\/Screenshot-2023-10-01-at-10.04.38-768x545.png\" alt=\"Luy\u1ec7n Nghe Ti\u1ebfng Anh Y Khoa\" loading=\"lazy\">\n            <\/div>\n        <\/a>\n    <\/div>\n\n    <div class=\"tutor-card-body\">\n        <h3 class=\"tutor-course-name tutor-fs-5 tutor-fw-medium tutor-mb-12\" title=\"Luy\u1ec7n Nghe Ti\u1ebfng Anh Y Khoa\">\n    <a href=\"https:\/\/easymed.vn\/en\/courses\/luyen-nghe-tieng-anh-y-khoa-tang-kem-sach\/\">Luy\u1ec7n Nghe Ti\u1ebfng Anh Y Khoa<\/a>\n<\/h3>\n    <\/div>\n\n    <\/div>\t\t\t\t<\/div>\n\t\t\t\t\t\t\t<div class=\"etlms-course-list-col\">\n\t\t\t\t\t<div class=\"tutor-card tutor-course-card tutor-loop-course-container etlms-course-card-classic   etlms-has-hover-animation\">\n            <div class=\"tutor-course-thumbnail\">\n        <a href=\"https:\/\/easymed.vn\/en\/courses\/tieng-anh-chuyen-nganh-san-phu-khoa\/\" class=\"tutor-d-block\">\n            <div class=\"tutor-ratio tutor-ratio-16x9\">\n                <img decoding=\"async\" class=\"tutor-card-image-top\" src=\"https:\/\/easymed.vn\/wp-content\/uploads\/2022\/09\/istockphoto-1243043960-612x612-1.jpg\" alt=\"Ti\u1ebfng Anh Chuy\u00ean Ng\u00e0nh S\u1ea3n Ph\u1ee5 Khoa\" loading=\"lazy\">\n            <\/div>\n        <\/a>\n    <\/div>\n\n    <div class=\"tutor-card-body\">\n        <h3 class=\"tutor-course-name tutor-fs-5 tutor-fw-medium tutor-mb-12\" title=\"Ti\u1ebfng Anh Chuy\u00ean Ng\u00e0nh S\u1ea3n Ph\u1ee5 Khoa\">\n    <a href=\"https:\/\/easymed.vn\/en\/courses\/tieng-anh-chuyen-nganh-san-phu-khoa\/\">Ti\u1ebfng Anh Chuy\u00ean Ng\u00e0nh S\u1ea3n Ph\u1ee5 Khoa<\/a>\n<\/h3>\n    <\/div>\n\n    <\/div>\t\t\t\t<\/div>\n\t\t\t\t\t\t\t<div class=\"etlms-course-list-col\">\n\t\t\t\t\t<div class=\"tutor-card tutor-course-card tutor-loop-course-container etlms-course-card-classic   etlms-has-hover-animation\">\n            <div class=\"tutor-course-thumbnail\">\n        <a href=\"https:\/\/easymed.vn\/en\/courses\/tieng-anh-chuyen-nganh-sieu-am\/\" class=\"tutor-d-block\">\n            <div class=\"tutor-ratio tutor-ratio-16x9\">\n                <img decoding=\"async\" class=\"tutor-card-image-top\" src=\"https:\/\/easymed.vn\/wp-content\/uploads\/2022\/08\/Anh-Bia-Khoa-hoc-Tieng-Anh-Sieu-Am-768x549.jpg\" alt=\"Ti\u1ebfng Anh Chuy\u00ean Ng\u00e0nh Si\u00eau \u00c2m\" loading=\"lazy\">\n            <\/div>\n        <\/a>\n    <\/div>\n\n    <div class=\"tutor-card-body\">\n        <h3 class=\"tutor-course-name tutor-fs-5 tutor-fw-medium tutor-mb-12\" title=\"Ti\u1ebfng Anh Chuy\u00ean Ng\u00e0nh Si\u00eau \u00c2m\">\n    <a href=\"https:\/\/easymed.vn\/en\/courses\/tieng-anh-chuyen-nganh-sieu-am\/\">Ti\u1ebfng Anh Chuy\u00ean Ng\u00e0nh Si\u00eau \u00c2m<\/a>\n<\/h3>\n    <\/div>\n\n    <\/div>\t\t\t\t<\/div>\n\t\t\t\t\t\t\t<div class=\"etlms-course-list-col\">\n\t\t\t\t\t<div class=\"tutor-card tutor-course-card tutor-loop-course-container etlms-course-card-classic   etlms-has-hover-animation\">\n            <div class=\"tutor-course-thumbnail\">\n        <a href=\"https:\/\/easymed.vn\/en\/courses\/tieng-anh-y-khoa-co-ban\/\" class=\"tutor-d-block\">\n            <div class=\"tutor-ratio tutor-ratio-16x9\">\n                <img decoding=\"async\" class=\"tutor-card-image-top\" src=\"https:\/\/easymed.vn\/wp-content\/uploads\/2022\/05\/Anh-minh-hoa-cho-khoa-hoc-1-768x250.jpg\" alt=\"Ti\u1ebfng Anh Y Khoa C\u01a1 B\u1ea3n (Ti\u00eau h\u00f3a, H\u00f4 h\u1ea5p, Tim m\u1ea1ch, Ti\u1ebft ni\u1ec7u)\" loading=\"lazy\">\n            <\/div>\n        <\/a>\n    <\/div>\n\n    <div class=\"tutor-card-body\">\n        <h3 class=\"tutor-course-name tutor-fs-5 tutor-fw-medium tutor-mb-12\" title=\"Ti\u1ebfng Anh Y Khoa C\u01a1 B\u1ea3n (Ti\u00eau h\u00f3a, H\u00f4 h\u1ea5p, Tim m\u1ea1ch, Ti\u1ebft ni\u1ec7u)\">\n    <a href=\"https:\/\/easymed.vn\/en\/courses\/tieng-anh-y-khoa-co-ban\/\">Ti\u1ebfng Anh Y Khoa C\u01a1 B\u1ea3n (Ti\u00eau h\u00f3a, H\u00f4 h\u1ea5p, Tim m\u1ea1ch, Ti\u1ebft ni\u1ec7u)<\/a>\n<\/h3>\n    <\/div>\n\n    <\/div>\t\t\t\t<\/div>\n\t\t\t\t\t<\/div>\n\n\t\t\t\t<\/div>\n\t\t\t\t<\/div>\n\t\t\t\t<\/div>\n\t\t\t\t\t<\/div>\n\t\t<\/div>\n\t\t\t\t\t<\/div>\n\t\t<\/section>\n\t\t\t\t<\/div>","protected":false},"excerpt":{"rendered":"<p>c\u00e1c kh\u00f3a h\u1ecdc ti\u1ebfng anh n\u1ec1n t\u1ea3ng T\u1ea1i EasyMed, c\u00e1c kh\u00f3a h\u1ecdc gi\u00fap b\u1ea1n s\u1edf h\u1eefu n\u1ec1n t\u1ea3ng<\/p>","protected":false},"author":1,"featured_media":0,"parent":0,"menu_order":0,"comment_status":"closed","ping_status":"closed","template":"elementor_header_footer","meta":{"_tutorstarter_page_metadata":[],"footnotes":""},"class_list":["post-11013","page","type-page","status-publish","hentry"],"_links":{"self":[{"href":"https:\/\/easymed.vn\/en\/wp-json\/wp\/v2\/pages\/11013","targetHints":{"allow":["GET"]}}],"collection":[{"href":"https:\/\/easymed.vn\/en\/wp-json\/wp\/v2\/pages"}],"about":[{"href":"https:\/\/easymed.vn\/en\/wp-json\/wp\/v2\/types\/page"}],"author":[{"embeddable":true,"href":"https:\/\/easymed.vn\/en\/wp-json\/wp\/v2\/users\/1"}],"replies":[{"embeddable":true,"href":"https:\/\/easymed.vn\/en\/wp-json\/wp\/v2\/comments?post=11013"}],"version-history":[{"count":25,"href":"https:\/\/easymed.vn\/en\/wp-json\/wp\/v2\/pages\/11013\/revisions"}],"predecessor-version":[{"id":15377,"href":"https:\/\/easymed.vn\/en\/wp-json\/wp\/v2\/pages\/11013\/revisions\/15377"}],"wp:attachment":[{"href":"https:\/\/easymed.vn\/en\/wp-json\/wp\/v2\/media?parent=11013"}],"curies":[{"name":"wp","href":"https:\/\/api.w.org\/{rel}","templated":true}]}}